{"id":3328,"date":"2026-04-03T19:06:49","date_gmt":"2026-04-03T19:06:49","guid":{"rendered":"https:\/\/www.truthagri.com\/?post_type=product&#038;p=3328"},"modified":"2026-04-03T19:06:49","modified_gmt":"2026-04-03T19:06:49","slug":"ail-naturel","status":"publish","type":"product","link":"https:\/\/www.truthagri.com\/index.php\/product\/ail-naturel\/","title":{"rendered":"Ail naturel"},"content":{"rendered":"","protected":false},"excerpt":{"rendered":"<div class=\"page\" title=\"Page 9\">\n<div class=\"layoutArea\">\n<div class=\"column\">\n<p>Ingr\u00e9dients: Ail , huile d&#8217;olive extra vierge,sel, r\u00e9gulateurs d&#8217;acidit\u00e9 : , acide citrique; antioxydant : acide ascorbique.<\/p>\n<\/div>\n<\/div>\n<\/div>\n","protected":false},"featured_media":3329,"template":"","meta":[],"product_cat":[73],"product_tag":[],"_links":{"self":[{"href":"https:\/\/www.truthagri.com\/index.php\/wp-json\/wp\/v2\/product\/3328"}],"collection":[{"href":"https:\/\/www.truthagri.com\/index.php\/wp-json\/wp\/v2\/product"}],"about":[{"href":"https:\/\/www.truthagri.com\/index.php\/wp-json\/wp\/v2\/types\/product"}],"wp:featuredmedia":[{"embeddable":true,"href":"https:\/\/www.truthagri.com\/index.php\/wp-json\/wp\/v2\/media\/3329"}],"wp:attachment":[{"href":"https:\/\/www.truthagri.com\/index.php\/wp-json\/wp\/v2\/media?parent=3328"}],"wp:term":[{"taxonomy":"product_cat","embeddable":true,"href":"https:\/\/www.truthagri.com\/index.php\/wp-json\/wp\/v2\/product_cat?post=3328"},{"taxonomy":"product_tag","embeddable":true,"href":"https:\/\/www.truthagri.com\/index.php\/wp-json\/wp\/v2\/product_tag?post=3328"}],"curies":[{"name":"wp","href":"https:\/\/api.w.org\/{rel}","templated":true}]}}