{"id":3325,"date":"2026-04-03T19:00:15","date_gmt":"2026-04-03T19:00:15","guid":{"rendered":"https:\/\/www.truthagri.com\/?post_type=product&#038;p=3325"},"modified":"2026-04-03T19:05:43","modified_gmt":"2026-04-03T19:05:43","slug":"ail-marine-aux-herbes-de-provence","status":"publish","type":"product","link":"https:\/\/www.truthagri.com\/index.php\/product\/ail-marine-aux-herbes-de-provence\/","title":{"rendered":"Ail marin\u00e9 aux herbes de Provence"},"content":{"rendered":"","protected":false},"excerpt":{"rendered":"<div class=\"page\" title=\"Page 9\">\n<div class=\"layoutArea\">\n<div class=\"column\">\n<p>Ingr\u00e9dients: Ail, huile de tournesol, herbes aromatiques ,sel, r\u00e9gulateurs d&#8217;acidit\u00e9 : acide ac\u00e9tique, acide citrique<\/p>\n<\/div>\n<\/div>\n<\/div>\n","protected":false},"featured_media":3326,"template":"","meta":[],"product_cat":[73],"product_tag":[],"_links":{"self":[{"href":"https:\/\/www.truthagri.com\/index.php\/wp-json\/wp\/v2\/product\/3325"}],"collection":[{"href":"https:\/\/www.truthagri.com\/index.php\/wp-json\/wp\/v2\/product"}],"about":[{"href":"https:\/\/www.truthagri.com\/index.php\/wp-json\/wp\/v2\/types\/product"}],"wp:featuredmedia":[{"embeddable":true,"href":"https:\/\/www.truthagri.com\/index.php\/wp-json\/wp\/v2\/media\/3326"}],"wp:attachment":[{"href":"https:\/\/www.truthagri.com\/index.php\/wp-json\/wp\/v2\/media?parent=3325"}],"wp:term":[{"taxonomy":"product_cat","embeddable":true,"href":"https:\/\/www.truthagri.com\/index.php\/wp-json\/wp\/v2\/product_cat?post=3325"},{"taxonomy":"product_tag","embeddable":true,"href":"https:\/\/www.truthagri.com\/index.php\/wp-json\/wp\/v2\/product_tag?post=3325"}],"curies":[{"name":"wp","href":"https:\/\/api.w.org\/{rel}","templated":true}]}}