{"id":3305,"date":"2026-04-02T18:28:13","date_gmt":"2026-04-02T18:28:13","guid":{"rendered":"https:\/\/www.truthagri.com\/?post_type=product&#038;p=3305"},"modified":"2026-04-02T18:28:13","modified_gmt":"2026-04-02T18:28:13","slug":"pesto","status":"publish","type":"product","link":"https:\/\/www.truthagri.com\/index.php\/product\/pesto\/","title":{"rendered":"Pesto"},"content":{"rendered":"","protected":false},"excerpt":{"rendered":"<div class=\"page\" title=\"Page 9\">\n<div class=\"layoutArea\">\n<div class=\"column\">\n<p>Liste des ingr\u00e9dients: 52 Baslic, Huile v\u00e9g\u00e9tal, noix de cajou, Citrons confits,<br \/>\nAil, Acide citrique et Acide ascorbique.<br \/>\nIngredients: Basil, Vegetable Oil, Cashew Nuts, Preserved Lemons, Garlic,<br \/>\nCitric Acid and Ascorbic Acid..<br \/>\nZutaten: Basilikum, Pflanzen\u00f6l, Cashewn\u00fcsse, Eingelegte Zitronen,<br \/>\nKnoblauch, Zitronens\u00e4ure und Ascorbins\u00e4ure..<\/p>\n<\/div>\n<\/div>\n<\/div>\n","protected":false},"featured_media":3306,"template":"","meta":[],"product_cat":[73],"product_tag":[],"_links":{"self":[{"href":"https:\/\/www.truthagri.com\/index.php\/wp-json\/wp\/v2\/product\/3305"}],"collection":[{"href":"https:\/\/www.truthagri.com\/index.php\/wp-json\/wp\/v2\/product"}],"about":[{"href":"https:\/\/www.truthagri.com\/index.php\/wp-json\/wp\/v2\/types\/product"}],"wp:featuredmedia":[{"embeddable":true,"href":"https:\/\/www.truthagri.com\/index.php\/wp-json\/wp\/v2\/media\/3306"}],"wp:attachment":[{"href":"https:\/\/www.truthagri.com\/index.php\/wp-json\/wp\/v2\/media?parent=3305"}],"wp:term":[{"taxonomy":"product_cat","embeddable":true,"href":"https:\/\/www.truthagri.com\/index.php\/wp-json\/wp\/v2\/product_cat?post=3305"},{"taxonomy":"product_tag","embeddable":true,"href":"https:\/\/www.truthagri.com\/index.php\/wp-json\/wp\/v2\/product_tag?post=3305"}],"curies":[{"name":"wp","href":"https:\/\/api.w.org\/{rel}","templated":true}]}}