{"id":3293,"date":"2026-03-30T17:46:36","date_gmt":"2026-03-30T17:46:36","guid":{"rendered":"https:\/\/www.truthagri.com\/?post_type=product&#038;p=3293"},"modified":"2026-04-02T17:47:40","modified_gmt":"2026-04-02T17:47:40","slug":"coeurs-dartichauts","status":"publish","type":"product","link":"https:\/\/www.truthagri.com\/index.php\/product\/coeurs-dartichauts\/","title":{"rendered":"C\u0153urs d&#8217;artichauts"},"content":{"rendered":"","protected":false},"excerpt":{"rendered":"<div class=\"page\" title=\"Page 9\">\n<div class=\"layoutArea\">\n<div class=\"column\">\n<p>Ingr\u00e9dients: 52% Artichauts, 47% Huile de tournesol, Persil s\u00e9ch\u00e9 et Ail en poudre.<br \/>\nIngredients: 52% Artichokes, 47% Sunflower Oil, Dried Parsley, Garlic Powder.<br \/>\nZutaten: 52% Artischocken, 47% Sonnenblumen\u00f6l, Getrocknete Petersilie, Knoblauchpulver.<\/p>\n<\/div>\n<\/div>\n<\/div>\n","protected":false},"featured_media":3294,"template":"","meta":[],"product_cat":[73],"product_tag":[],"_links":{"self":[{"href":"https:\/\/www.truthagri.com\/index.php\/wp-json\/wp\/v2\/product\/3293"}],"collection":[{"href":"https:\/\/www.truthagri.com\/index.php\/wp-json\/wp\/v2\/product"}],"about":[{"href":"https:\/\/www.truthagri.com\/index.php\/wp-json\/wp\/v2\/types\/product"}],"wp:featuredmedia":[{"embeddable":true,"href":"https:\/\/www.truthagri.com\/index.php\/wp-json\/wp\/v2\/media\/3294"}],"wp:attachment":[{"href":"https:\/\/www.truthagri.com\/index.php\/wp-json\/wp\/v2\/media?parent=3293"}],"wp:term":[{"taxonomy":"product_cat","embeddable":true,"href":"https:\/\/www.truthagri.com\/index.php\/wp-json\/wp\/v2\/product_cat?post=3293"},{"taxonomy":"product_tag","embeddable":true,"href":"https:\/\/www.truthagri.com\/index.php\/wp-json\/wp\/v2\/product_tag?post=3293"}],"curies":[{"name":"wp","href":"https:\/\/api.w.org\/{rel}","templated":true}]}}