{"id":3278,"date":"2026-03-30T16:45:21","date_gmt":"2026-03-30T16:45:21","guid":{"rendered":"https:\/\/www.truthagri.com\/?post_type=product&#038;p=3278"},"modified":"2026-03-30T16:45:22","modified_gmt":"2026-03-30T16:45:22","slug":"harissa-fumee","status":"publish","type":"product","link":"https:\/\/www.truthagri.com\/index.php\/product\/harissa-fumee\/","title":{"rendered":"Harissa Fum\u00e9e"},"content":{"rendered":"","protected":false},"excerpt":{"rendered":"<div class=\"page\" title=\"Page 9\">\n<div class=\"layoutArea\">\n<div class=\"column\">\n<p>Ingr\u00e9dients: Piment fum\u00e9, Huile de tournesol, Coriande, carvi, Sel, Ail, sorbate de<br \/>\npotassium (E202).<br \/>\nIngredients: Smoked Chili, Sunflower Oil, Coriander, Caraway, Salt, Garlic,<br \/>\nPotassium Sorbate (E202).<br \/>\nZutaten: Ger\u00e4ucherter Chili, Sonnenblumen\u00f6l, Koriander, K\u00fcmmel, Salz, Knoblauch,<br \/>\nKaliumsorbat (E202).<\/p>\n<\/div>\n<\/div>\n<\/div>\n","protected":false},"featured_media":3279,"template":"","meta":[],"product_cat":[73],"product_tag":[],"_links":{"self":[{"href":"https:\/\/www.truthagri.com\/index.php\/wp-json\/wp\/v2\/product\/3278"}],"collection":[{"href":"https:\/\/www.truthagri.com\/index.php\/wp-json\/wp\/v2\/product"}],"about":[{"href":"https:\/\/www.truthagri.com\/index.php\/wp-json\/wp\/v2\/types\/product"}],"wp:featuredmedia":[{"embeddable":true,"href":"https:\/\/www.truthagri.com\/index.php\/wp-json\/wp\/v2\/media\/3279"}],"wp:attachment":[{"href":"https:\/\/www.truthagri.com\/index.php\/wp-json\/wp\/v2\/media?parent=3278"}],"wp:term":[{"taxonomy":"product_cat","embeddable":true,"href":"https:\/\/www.truthagri.com\/index.php\/wp-json\/wp\/v2\/product_cat?post=3278"},{"taxonomy":"product_tag","embeddable":true,"href":"https:\/\/www.truthagri.com\/index.php\/wp-json\/wp\/v2\/product_tag?post=3278"}],"curies":[{"name":"wp","href":"https:\/\/api.w.org\/{rel}","templated":true}]}}