{"id":3258,"date":"2026-03-30T15:42:18","date_gmt":"2026-03-30T15:42:18","guid":{"rendered":"https:\/\/www.truthagri.com\/?post_type=product&#038;p=3258"},"modified":"2026-03-30T15:57:35","modified_gmt":"2026-03-30T15:57:35","slug":"tomates-sechees","status":"publish","type":"product","link":"https:\/\/www.truthagri.com\/index.php\/product\/tomates-sechees\/","title":{"rendered":"Tomates S\u00e9ch\u00e9es"},"content":{"rendered":"","protected":false},"excerpt":{"rendered":"<div class=\"page\" title=\"Page 9\">\n<div class=\"layoutArea\">\n<div class=\"column\">\n<p>Ingr\u00e9dients: 60% Tomates s\u00e9ch\u00e9es au soleil, huile de tournesol, Persil s\u00e9ch\u00e9, Ail<br \/>\nen poudre, Basilic s\u00e9ch\u00e9, Acide citrique et acide ascorbique.<br \/>\nIngredients: 60% Sun-dried Tomatoes, Sunflower Oil, Dried Parsley, Garlic Powder,<br \/>\nDried Basil, Citric Acid, and Ascorbic Acid.<br \/>\nZutaten: 60% Sonnengetrocknete Tomaten, Sonnenblumen\u00f6l, Getrocknete Petersilie,<br \/>\nKnoblauchpulver, Getrocknetes Basilikum, Zitronens\u00e4ure und Ascorbins\u00e4ure.<\/p>\n<\/div>\n<\/div>\n<\/div>\n","protected":false},"featured_media":3259,"template":"","meta":[],"product_cat":[73],"product_tag":[],"_links":{"self":[{"href":"https:\/\/www.truthagri.com\/index.php\/wp-json\/wp\/v2\/product\/3258"}],"collection":[{"href":"https:\/\/www.truthagri.com\/index.php\/wp-json\/wp\/v2\/product"}],"about":[{"href":"https:\/\/www.truthagri.com\/index.php\/wp-json\/wp\/v2\/types\/product"}],"wp:featuredmedia":[{"embeddable":true,"href":"https:\/\/www.truthagri.com\/index.php\/wp-json\/wp\/v2\/media\/3259"}],"wp:attachment":[{"href":"https:\/\/www.truthagri.com\/index.php\/wp-json\/wp\/v2\/media?parent=3258"}],"wp:term":[{"taxonomy":"product_cat","embeddable":true,"href":"https:\/\/www.truthagri.com\/index.php\/wp-json\/wp\/v2\/product_cat?post=3258"},{"taxonomy":"product_tag","embeddable":true,"href":"https:\/\/www.truthagri.com\/index.php\/wp-json\/wp\/v2\/product_tag?post=3258"}],"curies":[{"name":"wp","href":"https:\/\/api.w.org\/{rel}","templated":true}]}}